{"id":1253,"date":"2021-06-25T10:50:35","date_gmt":"2021-06-25T10:50:35","guid":{"rendered":"https:\/\/www.coren.es\/politica-de-cookies\/"},"modified":"2021-10-25T14:12:44","modified_gmt":"2021-10-25T14:12:44","slug":"politica-de-cookies","status":"publish","type":"page","link":"https:\/\/www.coren.es\/gl\/politica-de-cookies\/","title":{"rendered":"Pol\u00edtica de cookies"},"content":{"rendered":"\n<p>Nosa entidade COOPERATIVAS OURENS\u00c1S, S.C.G utiliza cookies coa\r\n          finalidade de prestarlle unha mellor experiencia na s\u00faa navegaci\u00f3n. As\u00ed mesmo, no caso de que preste o seu consentimento, utilizaremos cookies que nos permitan\r\n          obter m\u00e1is informaci\u00f3n acerca das s\u00faas preferencias e personalizar o noso Sitio web\r\n          de conformidade cos seus intereses individuais, para que te\u00f1a unha\r\n          navegaci\u00f3n m\u00e1is flu\u00edda e personalizada.\r\n          Desde a nosa empresa queremos informarlle de maneira clara e precisa sobre\r\n          as cookies que utilizamos no noso sitio web. No caso de que queira obter\r\n          m\u00e1is informaci\u00f3n sobre o uso e a finalidade que facemos das cookies\r\n          implementadas no noso sitio web, pode escribir un correo electr\u00f3nico a web@coren.es      \r\n          Si vostede \u00e9 menor de 16 anos non pode seguir navegando por esta web, salvo que\r\n          te\u00f1a o consentimento expreso dos seus pais ou titores. O noso servizo\r\n          non vai dirixido a menores de 16 anos, polo que non procesamos datos obtidos\r\n          do este colectivo.\r\n        <\/p>\r\nQue tipos de  cookies utiliza este sitio web?\r\n      <p>Segundo a entidade que as xestione, as  cookies poden ser:<\/p>\r\n      <ul>\r\n           Cookies propias: Son aquelas que se env\u00edan ao equipo terminal do\r\n          interesado desde un equipo ou dominio xestionado polo propio editor e\r\n          desde o que se presta o servizo solicitado polo usuario.\r\n       \r\n        <li>\r\n           Cookies de terceiros: Son aquelas que se env\u00edan ao equipo terminal do\r\n          usuario desde un equipo ou dominio que non \u00e9 xestionado polo editor,\r\n          sen\u00f3n por outra entidade que trata os datos obtidos  trav\u00e9s das  cookies\r\n        <\/li>\r\n      <\/ul><p>O Sitio web utiliza tanto  cookies propias como de terceiros.<\/p>\r\n      <p>Segundo o prazo de tempo que permanecen activadas:<\/p>\r\n      <ul>\r\n         Cookies de sesi\u00f3n: Son un tipo de  cookies dese\u00f1adas para solicitar e\r\n        almacenar datos mentres o usuario accede a unha p\u00e1xina web. Ad\u00f3itanse\r\n         empregar para almacenar informaci\u00f3n que s\u00f3 interesa conservar\r\n        para a prestaci\u00f3n do servizo solicitado polo usuario nunha soa\r\n        ocasi\u00f3n ( p.ex. unha lista de produtos adquiridos).\r\n        \r\n        <li>\r\n         Cookies persistentes: Son un tipo de  cookies no que os datos\r\n        seguen almacenados no terminal e poden ser accedidos e tratados\r\n        durante un per\u00edodo definido polo responsable da  cookie, e que pode\r\n        ir duns minutos a varios anos.\r\n        <\/li>\r\n      <\/ul>O Sitio web utiliza tanto  cookies persistentes como  cookies de sesi\u00f3n.\r\n      <p>\r\n        En cumprimento da Lei 34\/2002 debe aceptalas e dar o seu consentimento\r\n        expreso. As  cookies son necesarias para o correcto funcionamento da web\r\n        e sempre respectaremos a s\u00faa privacidade, se non est\u00e1 de acordo, non poder\u00e1 navegar\r\n        polo noso sitio. A nosa web tratar\u00e1 os datos que vostede nos proporcione\r\n        unicamente coa finalidade de xestionar o servizo que solicite en cada momento.\r\n        Sempre poder\u00e1 dirixirse \u00e1 empresa, xa sexa mediante a direcci\u00f3n de correo\r\n        electr\u00f3nico que creamos para atenderlle en todas as s\u00faas d\u00fabidas, como\r\n        por tel\u00e9fono, onde persoal especializado poderalle atender de maneira\r\n        personalizada.\r\n      <\/p>\r\n       Cookies propias\r\n\r\n      <p>\r\n        Esta tipolox\u00eda de  cookies son enviadas ao seu computador e xestionadas\r\n        exclusivamente por n\u00f3s para o mellor funcionamento do sitio web. A\r\n        informaci\u00f3n que solicitamos empr\u00e9gase para mellorar a calidade do noso\r\n        servizo e a s\u00faa experiencia como usuario.\r\n        Estas  cookies son estritamente necesarias para prestar un servizo ou contido\r\n        solicitado polo usuario rexistrado. Estas te\u00f1en como finalidade aspectos\r\n        t\u00e9cnicos, tales como: lembrar identificaci\u00f3ns de rexistros; preferencias de ferramentas\r\n        na utilizaci\u00f3n de contidos; interacci\u00f3n cos contidos;\r\n        localizaci\u00f3n de acceso aos contidos; an\u00e1lise dos datos coa finalidade de mellorar\r\n        o rendemento, an\u00e1lise de usuarios en virtude de determinados\r\n        par\u00e1metros de navegaci\u00f3n; elaboraci\u00f3n de perf\u00eds de navegaci\u00f3n dos\r\n        usuarios e estat\u00edsticas, co fin de introducir melloras en funci\u00f3n da an\u00e1lise dos\r\n        datos. Este tipo de  cookies poden ter unha duraci\u00f3n determinada: \r\n        3\r\n        caducidade inminente; caducidade ao finalizar sesi\u00f3n; caducidade temporal.\r\n      <\/p> \r\n\r\n      A continuaci\u00f3n, ins\u00e9rese un cadro informativo respecto a esta clase de  cookies:\r\n      \r\n         COOKIE FINALIDADE ASPSESSION Permite ao usuario visualizar a p\u00e1xina  einteractuar con elaUsuario  Enabled Recompila informaci\u00f3n an\u00f3nima sobre a navegaci\u00f3n dos usuarios polo sitio web co fin de xerar datos estat\u00edsticos\n<p><\/p>\n","protected":false},"excerpt":{"rendered":"<p>Nosa entidade COOPERATIVAS OURENS\u00c1S, S.C.G utiliza cookies coa finalidade de prestarlle unha mellor experiencia na s\u00faa navegaci\u00f3n. As\u00ed mesmo, no caso de que preste o [&hellip;]<\/p>\n","protected":false},"author":1,"featured_media":0,"parent":0,"menu_order":0,"comment_status":"closed","ping_status":"closed","template":"template-legal.php","meta":{"_acf_changed":false,"footnotes":""},"class_list":["post-1253","page","type-page","status-publish","hentry"],"acf":[],"yoast_head":"<!-- This site is optimized with the Yoast SEO plugin v27.0 - https:\/\/yoast.com\/product\/yoast-seo-wordpress\/ -->\n<title>Pol\u00edtica de cookies - Coren<\/title>\n<meta name=\"robots\" content=\"noindex, nofollow\" \/>\n<meta property=\"og:locale\" content=\"gl_ES\" \/>\n<meta property=\"og:type\" content=\"article\" \/>\n<meta property=\"og:title\" content=\"Pol\u00edtica de cookies - Coren\" \/>\n<meta property=\"og:description\" content=\"Nosa entidade COOPERATIVAS OURENS\u00c1S, S.C.G utiliza cookies coa finalidade de prestarlle unha mellor experiencia na s\u00faa navegaci\u00f3n. As\u00ed mesmo, no caso de que preste o [&hellip;]\" \/>\n<meta property=\"og:url\" content=\"https:\/\/www.coren.es\/gl\/politica-de-cookies\/\" \/>\n<meta property=\"og:site_name\" content=\"Coren\" \/>\n<meta property=\"article:modified_time\" content=\"2021-10-25T14:12:44+00:00\" \/>\n<meta name=\"twitter:card\" content=\"summary_large_image\" \/>\n<meta name=\"twitter:label1\" content=\"Tempo de lectura\" \/>\n\t<meta name=\"twitter:data1\" content=\"8 minutos\" \/>\n<script type=\"application\/ld+json\" class=\"yoast-schema-graph\">{\"@context\":\"https:\/\/schema.org\",\"@graph\":[{\"@type\":\"WebPage\",\"@id\":\"https:\/\/www.coren.es\/gl\/politica-de-cookies\/\",\"url\":\"https:\/\/www.coren.es\/gl\/politica-de-cookies\/\",\"name\":\"Pol\u00edtica de cookies - Coren\",\"isPartOf\":{\"@id\":\"https:\/\/www.coren.es\/gl\/#website\"},\"datePublished\":\"2021-06-25T10:50:35+00:00\",\"dateModified\":\"2021-10-25T14:12:44+00:00\",\"breadcrumb\":{\"@id\":\"https:\/\/www.coren.es\/gl\/politica-de-cookies\/#breadcrumb\"},\"inLanguage\":\"gl-ES\",\"potentialAction\":[{\"@type\":\"ReadAction\",\"target\":[\"https:\/\/www.coren.es\/gl\/politica-de-cookies\/\"]}]},{\"@type\":\"BreadcrumbList\",\"@id\":\"https:\/\/www.coren.es\/gl\/politica-de-cookies\/#breadcrumb\",\"itemListElement\":[{\"@type\":\"ListItem\",\"position\":1,\"name\":\"Portada\",\"item\":\"https:\/\/www.coren.es\/gl\/\"},{\"@type\":\"ListItem\",\"position\":2,\"name\":\"Pol\u00edtica de cookies\"}]},{\"@type\":\"WebSite\",\"@id\":\"https:\/\/www.coren.es\/gl\/#website\",\"url\":\"https:\/\/www.coren.es\/gl\/\",\"name\":\"Coren. Alimentos y carnes de Galicia\",\"description\":\"\",\"publisher\":{\"@id\":\"https:\/\/www.coren.es\/gl\/#organization\"},\"potentialAction\":[{\"@type\":\"SearchAction\",\"target\":{\"@type\":\"EntryPoint\",\"urlTemplate\":\"https:\/\/www.coren.es\/gl\/?s={search_term_string}\"},\"query-input\":{\"@type\":\"PropertyValueSpecification\",\"valueRequired\":true,\"valueName\":\"search_term_string\"}}],\"inLanguage\":\"gl-ES\"},{\"@type\":\"Organization\",\"@id\":\"https:\/\/www.coren.es\/gl\/#organization\",\"name\":\"Coren\",\"url\":\"https:\/\/www.coren.es\/gl\/\",\"logo\":{\"@type\":\"ImageObject\",\"inLanguage\":\"gl-ES\",\"@id\":\"https:\/\/www.coren.es\/gl\/#\/schema\/logo\/image\/\",\"url\":\"https:\/\/www.coren.es\/wp-content\/uploads\/2023\/03\/cropped-logo.png\",\"contentUrl\":\"https:\/\/www.coren.es\/wp-content\/uploads\/2023\/03\/cropped-logo.png\",\"width\":131,\"height\":85,\"caption\":\"Coren\"},\"image\":{\"@id\":\"https:\/\/www.coren.es\/gl\/#\/schema\/logo\/image\/\"}}]}<\/script>\n<!-- \/ Yoast SEO plugin. -->","yoast_head_json":{"title":"Pol\u00edtica de cookies - Coren","robots":{"index":"noindex","follow":"nofollow"},"og_locale":"gl_ES","og_type":"article","og_title":"Pol\u00edtica de cookies - Coren","og_description":"Nosa entidade COOPERATIVAS OURENS\u00c1S, S.C.G utiliza cookies coa finalidade de prestarlle unha mellor experiencia na s\u00faa navegaci\u00f3n. As\u00ed mesmo, no caso de que preste o [&hellip;]","og_url":"https:\/\/www.coren.es\/gl\/politica-de-cookies\/","og_site_name":"Coren","article_modified_time":"2021-10-25T14:12:44+00:00","twitter_card":"summary_large_image","twitter_misc":{"Tempo de lectura":"8 minutos"},"schema":{"@context":"https:\/\/schema.org","@graph":[{"@type":"WebPage","@id":"https:\/\/www.coren.es\/gl\/politica-de-cookies\/","url":"https:\/\/www.coren.es\/gl\/politica-de-cookies\/","name":"Pol\u00edtica de cookies - Coren","isPartOf":{"@id":"https:\/\/www.coren.es\/gl\/#website"},"datePublished":"2021-06-25T10:50:35+00:00","dateModified":"2021-10-25T14:12:44+00:00","breadcrumb":{"@id":"https:\/\/www.coren.es\/gl\/politica-de-cookies\/#breadcrumb"},"inLanguage":"gl-ES","potentialAction":[{"@type":"ReadAction","target":["https:\/\/www.coren.es\/gl\/politica-de-cookies\/"]}]},{"@type":"BreadcrumbList","@id":"https:\/\/www.coren.es\/gl\/politica-de-cookies\/#breadcrumb","itemListElement":[{"@type":"ListItem","position":1,"name":"Portada","item":"https:\/\/www.coren.es\/gl\/"},{"@type":"ListItem","position":2,"name":"Pol\u00edtica de cookies"}]},{"@type":"WebSite","@id":"https:\/\/www.coren.es\/gl\/#website","url":"https:\/\/www.coren.es\/gl\/","name":"Coren. Alimentos y carnes de Galicia","description":"","publisher":{"@id":"https:\/\/www.coren.es\/gl\/#organization"},"potentialAction":[{"@type":"SearchAction","target":{"@type":"EntryPoint","urlTemplate":"https:\/\/www.coren.es\/gl\/?s={search_term_string}"},"query-input":{"@type":"PropertyValueSpecification","valueRequired":true,"valueName":"search_term_string"}}],"inLanguage":"gl-ES"},{"@type":"Organization","@id":"https:\/\/www.coren.es\/gl\/#organization","name":"Coren","url":"https:\/\/www.coren.es\/gl\/","logo":{"@type":"ImageObject","inLanguage":"gl-ES","@id":"https:\/\/www.coren.es\/gl\/#\/schema\/logo\/image\/","url":"https:\/\/www.coren.es\/wp-content\/uploads\/2023\/03\/cropped-logo.png","contentUrl":"https:\/\/www.coren.es\/wp-content\/uploads\/2023\/03\/cropped-logo.png","width":131,"height":85,"caption":"Coren"},"image":{"@id":"https:\/\/www.coren.es\/gl\/#\/schema\/logo\/image\/"}}]}},"_links":{"self":[{"href":"https:\/\/www.coren.es\/gl\/wp-json\/wp\/v2\/pages\/1253","targetHints":{"allow":["GET"]}}],"collection":[{"href":"https:\/\/www.coren.es\/gl\/wp-json\/wp\/v2\/pages"}],"about":[{"href":"https:\/\/www.coren.es\/gl\/wp-json\/wp\/v2\/types\/page"}],"author":[{"embeddable":true,"href":"https:\/\/www.coren.es\/gl\/wp-json\/wp\/v2\/users\/1"}],"replies":[{"embeddable":true,"href":"https:\/\/www.coren.es\/gl\/wp-json\/wp\/v2\/comments?post=1253"}],"version-history":[{"count":2,"href":"https:\/\/www.coren.es\/gl\/wp-json\/wp\/v2\/pages\/1253\/revisions"}],"predecessor-version":[{"id":7056,"href":"https:\/\/www.coren.es\/gl\/wp-json\/wp\/v2\/pages\/1253\/revisions\/7056"}],"wp:attachment":[{"href":"https:\/\/www.coren.es\/gl\/wp-json\/wp\/v2\/media?parent=1253"}],"curies":[{"name":"wp","href":"https:\/\/api.w.org\/{rel}","templated":true}]}}